{"id":2999,"date":"2025-09-17T12:38:07","date_gmt":"2025-09-17T12:38:07","guid":{"rendered":"https:\/\/www.etang-du-moulin.com\/das-hotel-by-celine\/etappenabende\/"},"modified":"2025-09-17T12:49:47","modified_gmt":"2025-09-17T12:49:47","slug":"etappenabende","status":"publish","type":"page","link":"https:\/\/www.etang-du-moulin.com\/de\/das-hotel-by-celine\/etappenabende\/","title":{"rendered":"Etappenabende"},"content":{"rendered":"\t\t<div data-elementor-type=\"wp-page\" data-elementor-id=\"2999\" class=\"elementor elementor-2999 elementor-2969\" data-elementor-post-type=\"page\">\n\t\t\t\t\t\t<section class=\"elementor-section elementor-top-section elementor-element elementor-element-5bef4e6 elementor-section-full_width elementor-section-height-min-height elementor-section-items-stretch elementor-section-height-default elementor-invisible\" data-id=\"5bef4e6\" data-element_type=\"section\" data-e-type=\"section\" data-settings=\"{&quot;background_background&quot;:&quot;classic&quot;,&quot;animation&quot;:&quot;fadeIn&quot;}\">\n\t\t\t\t\t\t<div class=\"elementor-container elementor-column-gap-default\">\n\t\t\t\t\t<div class=\"elementor-column elementor-col-100 elementor-top-column elementor-element elementor-element-86b8b21 elementor-invisible\" data-id=\"86b8b21\" data-element_type=\"column\" data-e-type=\"column\" data-settings=\"{&quot;animation&quot;:&quot;fadeIn&quot;,&quot;animation_delay&quot;:200}\">\n\t\t\t<div class=\"elementor-widget-wrap elementor-element-populated\">\n\t\t\t\t\t<div class=\"elementor-background-overlay\"><\/div>\n\t\t\t\t\t\t<div class=\"elementor-element elementor-element-083d59a elementor--h-position-center elementor--v-position-middle elementor-widget elementor-widget-slides\" data-id=\"083d59a\" data-element_type=\"widget\" data-e-type=\"widget\" data-settings=\"{&quot;navigation&quot;:&quot;none&quot;,&quot;autoplay_speed&quot;:4000,&quot;transition&quot;:&quot;fade&quot;,&quot;autoplay&quot;:&quot;yes&quot;,&quot;infinite&quot;:&quot;yes&quot;,&quot;transition_speed&quot;:500}\" data-widget_type=\"slides.default\">\n\t\t\t\t\t\t\t\t\t\t<div class=\"elementor-slides-wrapper elementor-main-swiper swiper\" role=\"region\" aria-roledescription=\"carousel\" aria-label=\"Diapositives\" dir=\"ltr\" data-animation=\"fadeInUp\">\n\t\t\t\t<div class=\"swiper-wrapper elementor-slides\">\n\t\t\t\t\t\t\t\t\t\t<div class=\"elementor-repeater-item-b14edf7 swiper-slide\" role=\"group\" aria-roledescription=\"slide\"><div class=\"swiper-slide-bg\" role=\"img\" aria-label=\"9J1A7530\"><\/div><div class=\"swiper-slide-inner\" ><div class=\"swiper-slide-contents\"><\/div><\/div><\/div><div class=\"elementor-repeater-item-f1c2a24 swiper-slide\" role=\"group\" aria-roledescription=\"slide\"><div class=\"swiper-slide-bg\" role=\"img\" aria-label=\"0021_Hotel-21_WEB\"><\/div><div class=\"swiper-slide-inner\" ><div class=\"swiper-slide-contents\"><\/div><\/div><\/div><div class=\"elementor-repeater-item-c21de53 swiper-slide\" role=\"group\" aria-roledescription=\"slide\"><div class=\"swiper-slide-bg\" role=\"img\" aria-label=\"9J1A7592\"><\/div><div class=\"swiper-slide-inner\" ><div class=\"swiper-slide-contents\"><\/div><\/div><\/div>\t\t\t\t<\/div>\n\t\t\t\t\t\t\t\t\t\t\t\t\t\t\t\t\t\t\t\t\t<\/div>\n\t\t\t\t\t\t\t\t<\/div>\n\t\t\t\t<section class=\"elementor-section elementor-inner-section elementor-element elementor-element-a725e85 elementor-section-boxed elementor-section-height-default elementor-section-height-default\" data-id=\"a725e85\" data-element_type=\"section\" data-e-type=\"section\" data-settings=\"{&quot;background_background&quot;:&quot;gradient&quot;}\">\n\t\t\t\t\t\t<div class=\"elementor-container elementor-column-gap-default\">\n\t\t\t\t\t<div class=\"elementor-column elementor-col-100 elementor-inner-column elementor-element elementor-element-7e7243a\" data-id=\"7e7243a\" data-element_type=\"column\" data-e-type=\"column\">\n\t\t\t<div class=\"elementor-widget-wrap elementor-element-populated\">\n\t\t\t\t\t\t<div class=\"elementor-element elementor-element-57a6ff1 elementor-invisible elementor-widget elementor-widget-heading\" data-id=\"57a6ff1\" data-element_type=\"widget\" data-e-type=\"widget\" data-settings=\"{&quot;_animation&quot;:&quot;fadeIn&quot;,&quot;_animation_delay&quot;:800}\" data-widget_type=\"heading.default\">\n\t\t\t\t\t<h1 class=\"elementor-heading-title elementor-size-default\">Aufenthalt am M\u00fchlenteich<\/h1>\t\t\t\t<\/div>\n\t\t\t\t<div class=\"elementor-element elementor-element-3a623a2 elementor-invisible elementor-widget elementor-widget-heading\" data-id=\"3a623a2\" data-element_type=\"widget\" data-e-type=\"widget\" data-settings=\"{&quot;_animation&quot;:&quot;fadeIn&quot;,&quot;_animation_delay&quot;:1200}\" data-widget_type=\"heading.default\">\n\t\t\t\t\t<h2 class=\"elementor-heading-title elementor-size-default\">Etappenabende<\/h2>\t\t\t\t<\/div>\n\t\t\t\t\t<\/div>\n\t\t<\/div>\n\t\t\t\t\t<\/div>\n\t\t<\/section>\n\t\t\t\t\t<\/div>\n\t\t<\/div>\n\t\t\t\t\t<\/div>\n\t\t<\/section>\n\t\t\t\t<section class=\"elementor-section elementor-top-section elementor-element elementor-element-74c2797 elementor-section-full_width elementor-section-height-default elementor-section-height-default\" data-id=\"74c2797\" data-element_type=\"section\" data-e-type=\"section\" data-settings=\"{&quot;background_background&quot;:&quot;classic&quot;}\">\n\t\t\t\t\t\t<div class=\"elementor-container elementor-column-gap-default\">\n\t\t\t\t\t<div class=\"elementor-column elementor-col-100 elementor-top-column elementor-element elementor-element-d8c252b\" data-id=\"d8c252b\" data-element_type=\"column\" data-e-type=\"column\" data-settings=\"{&quot;motion_fx_motion_fx_scrolling&quot;:&quot;yes&quot;,&quot;motion_fx_translateY_effect&quot;:&quot;yes&quot;,&quot;motion_fx_translateY_speed&quot;:{&quot;unit&quot;:&quot;px&quot;,&quot;size&quot;:4,&quot;sizes&quot;:[]},&quot;motion_fx_translateY_affectedRange&quot;:{&quot;unit&quot;:&quot;%&quot;,&quot;size&quot;:&quot;&quot;,&quot;sizes&quot;:{&quot;start&quot;:0,&quot;end&quot;:100}},&quot;motion_fx_devices&quot;:[&quot;desktop&quot;,&quot;tablet&quot;,&quot;mobile&quot;]}\">\n\t\t\t<div class=\"elementor-widget-wrap elementor-element-populated\">\n\t\t\t\t\t\t<div class=\"elementor-element elementor-element-e67a449 elementor-invisible elementor-widget elementor-widget-image\" data-id=\"e67a449\" data-element_type=\"widget\" data-e-type=\"widget\" data-settings=\"{&quot;_animation&quot;:&quot;fadeIn&quot;}\" data-widget_type=\"image.default\">\n\t\t\t\t\t\t\t\t\t\t\t\t\t\t\t<img fetchpriority=\"high\" decoding=\"async\" width=\"1499\" height=\"1000\" src=\"https:\/\/www.etang-du-moulin.com\/wp-content\/uploads\/2025\/07\/splash-screen-2.jpg\" class=\"attachment-1536x1536 size-1536x1536 wp-image-2336\" alt=\"\" srcset=\"https:\/\/www.etang-du-moulin.com\/wp-content\/uploads\/2025\/07\/splash-screen-2.jpg 1499w, https:\/\/www.etang-du-moulin.com\/wp-content\/uploads\/2025\/07\/splash-screen-2-300x200.jpg 300w, https:\/\/www.etang-du-moulin.com\/wp-content\/uploads\/2025\/07\/splash-screen-2-768x512.jpg 768w, https:\/\/www.etang-du-moulin.com\/wp-content\/uploads\/2025\/07\/splash-screen-2-1024x683.jpg 1024w\" sizes=\"(max-width: 1499px) 100vw, 1499px\" \/>\t\t\t\t\t\t\t\t\t\t\t\t\t\t\t<\/div>\n\t\t\t\t<div class=\"elementor-element elementor-element-0c3d286 elementor-widget elementor-widget-heading\" data-id=\"0c3d286\" data-element_type=\"widget\" data-e-type=\"widget\" data-widget_type=\"heading.default\">\n\t\t\t\t\t<h3 class=\"elementor-heading-title elementor-size-default\">Etappenabend<\/h3>\t\t\t\t<\/div>\n\t\t\t\t<section class=\"elementor-section elementor-inner-section elementor-element elementor-element-884090c elementor-section-boxed elementor-section-height-default elementor-section-height-default\" data-id=\"884090c\" data-element_type=\"section\" data-e-type=\"section\">\n\t\t\t\t\t\t<div class=\"elementor-container elementor-column-gap-default\">\n\t\t\t\t\t<div class=\"elementor-column elementor-col-100 elementor-inner-column elementor-element elementor-element-5a849bb\" data-id=\"5a849bb\" data-element_type=\"column\" data-e-type=\"column\">\n\t\t\t<div class=\"elementor-widget-wrap elementor-element-populated\">\n\t\t\t\t\t\t<div class=\"elementor-element elementor-element-37de70c elementor-widget elementor-widget-text-editor\" data-id=\"37de70c\" data-element_type=\"widget\" data-e-type=\"widget\" data-widget_type=\"text-editor.default\">\n\t\t\t\t\t\t\t\t\t<p>Wenn Sie beruflich unterwegs sind, g\u00f6nnen Sie sich eine Qualit\u00e4tspause in einer ruhigen und raffinierten Umgebung im Herzen des Haut-Doubs.<\/p>\n<p>Das H\u00f4tel de l&#8217;\u00c9tang du Moulin empf\u00e4ngt Sie in Bonn\u00e9tage f\u00fcr eine \u00dcbernachtung, die Komfort, Gastronomie und Entspannung verbindet. Genie\u00dfen Sie eine gem\u00fctliche Unterkunft, ein schmackhaftes Abendessen, das von unserem K\u00fcchenchef zubereitet wird, und ein komplettes Fr\u00fchst\u00fcck, bevor Sie sich wieder auf den Weg machen. <\/p>\n\t\t\t\t\t\t\t\t<\/div>\n\t\t\t\t\t<\/div>\n\t\t<\/div>\n\t\t\t\t\t<\/div>\n\t\t<\/section>\n\t\t\t\t<section class=\"elementor-section elementor-inner-section elementor-element elementor-element-2ae88a8 elementor-section-full_width elementor-section-height-default elementor-section-height-default\" data-id=\"2ae88a8\" data-element_type=\"section\" data-e-type=\"section\">\n\t\t\t\t\t\t<div class=\"elementor-container elementor-column-gap-default\">\n\t\t\t\t\t<div class=\"elementor-column elementor-col-33 elementor-inner-column elementor-element elementor-element-f4754fd\" data-id=\"f4754fd\" data-element_type=\"column\" data-e-type=\"column\">\n\t\t\t<div class=\"elementor-widget-wrap elementor-element-populated\">\n\t\t\t\t\t\t<div class=\"elementor-element elementor-element-dd8ca40 elementor-widget elementor-widget-image\" data-id=\"dd8ca40\" data-element_type=\"widget\" data-e-type=\"widget\" data-widget_type=\"image.default\">\n\t\t\t\t\t\t\t\t\t\t\t\t\t\t\t<img decoding=\"async\" width=\"800\" height=\"534\" src=\"https:\/\/www.etang-du-moulin.com\/wp-content\/uploads\/2025\/09\/0018_etang_du_moulin-18_WEB-1024x683.jpg\" class=\"attachment-large size-large wp-image-2530\" alt=\"\" srcset=\"https:\/\/www.etang-du-moulin.com\/wp-content\/uploads\/2025\/09\/0018_etang_du_moulin-18_WEB-1024x683.jpg 1024w, https:\/\/www.etang-du-moulin.com\/wp-content\/uploads\/2025\/09\/0018_etang_du_moulin-18_WEB-300x200.jpg 300w, https:\/\/www.etang-du-moulin.com\/wp-content\/uploads\/2025\/09\/0018_etang_du_moulin-18_WEB-768x512.jpg 768w, https:\/\/www.etang-du-moulin.com\/wp-content\/uploads\/2025\/09\/0018_etang_du_moulin-18_WEB.jpg 1536w\" sizes=\"(max-width: 800px) 100vw, 800px\" \/>\t\t\t\t\t\t\t\t\t\t\t\t\t\t\t<\/div>\n\t\t\t\t<div class=\"elementor-element elementor-element-96d5997 elementor-widget elementor-widget-heading\" data-id=\"96d5997\" data-element_type=\"widget\" data-e-type=\"widget\" data-widget_type=\"heading.default\">\n\t\t\t\t\t<h4 class=\"elementor-heading-title elementor-size-default\">Fomule Komfort<\/h4>\t\t\t\t<\/div>\n\t\t\t\t<div class=\"elementor-element elementor-element-a8d0ffc elementor-widget elementor-widget-heading\" data-id=\"a8d0ffc\" data-element_type=\"widget\" data-e-type=\"widget\" data-widget_type=\"heading.default\">\n\t\t\t\t\t<h2 class=\"elementor-heading-title elementor-size-default\">115\u20ac<\/h2>\t\t\t\t<\/div>\n\t\t\t\t\t<\/div>\n\t\t<\/div>\n\t\t\t\t<div class=\"elementor-column elementor-col-33 elementor-inner-column elementor-element elementor-element-9973834\" data-id=\"9973834\" data-element_type=\"column\" data-e-type=\"column\">\n\t\t\t<div class=\"elementor-widget-wrap elementor-element-populated\">\n\t\t\t\t\t\t<div class=\"elementor-element elementor-element-0ce6567 elementor-widget elementor-widget-image\" data-id=\"0ce6567\" data-element_type=\"widget\" data-e-type=\"widget\" data-widget_type=\"image.default\">\n\t\t\t\t\t\t\t\t\t\t\t\t\t\t\t<img decoding=\"async\" width=\"800\" height=\"534\" src=\"https:\/\/www.etang-du-moulin.com\/wp-content\/uploads\/2025\/07\/0015_Hotel-15_WEB-1024x683.jpg\" class=\"attachment-large size-large wp-image-2524\" alt=\"\" srcset=\"https:\/\/www.etang-du-moulin.com\/wp-content\/uploads\/2025\/07\/0015_Hotel-15_WEB-1024x683.jpg 1024w, https:\/\/www.etang-du-moulin.com\/wp-content\/uploads\/2025\/07\/0015_Hotel-15_WEB-300x200.jpg 300w, https:\/\/www.etang-du-moulin.com\/wp-content\/uploads\/2025\/07\/0015_Hotel-15_WEB-768x512.jpg 768w, https:\/\/www.etang-du-moulin.com\/wp-content\/uploads\/2025\/07\/0015_Hotel-15_WEB.jpg 1536w\" sizes=\"(max-width: 800px) 100vw, 800px\" \/>\t\t\t\t\t\t\t\t\t\t\t\t\t\t\t<\/div>\n\t\t\t\t<div class=\"elementor-element elementor-element-d310e28 elementor-widget elementor-widget-heading\" data-id=\"d310e28\" data-element_type=\"widget\" data-e-type=\"widget\" data-widget_type=\"heading.default\">\n\t\t\t\t\t<h4 class=\"elementor-heading-title elementor-size-default\">Superior-Formel<\/h4>\t\t\t\t<\/div>\n\t\t\t\t<div class=\"elementor-element elementor-element-d415461 elementor-widget elementor-widget-heading\" data-id=\"d415461\" data-element_type=\"widget\" data-e-type=\"widget\" data-widget_type=\"heading.default\">\n\t\t\t\t\t<h2 class=\"elementor-heading-title elementor-size-default\">130\u20ac<\/h2>\t\t\t\t<\/div>\n\t\t\t\t\t<\/div>\n\t\t<\/div>\n\t\t\t\t<div class=\"elementor-column elementor-col-33 elementor-inner-column elementor-element elementor-element-7c2e24f\" data-id=\"7c2e24f\" data-element_type=\"column\" data-e-type=\"column\">\n\t\t\t<div class=\"elementor-widget-wrap elementor-element-populated\">\n\t\t\t\t\t\t<div class=\"elementor-element elementor-element-8c97944 elementor-widget elementor-widget-image\" data-id=\"8c97944\" data-element_type=\"widget\" data-e-type=\"widget\" data-widget_type=\"image.default\">\n\t\t\t\t\t\t\t\t\t\t\t\t\t\t\t<img loading=\"lazy\" decoding=\"async\" width=\"800\" height=\"534\" src=\"https:\/\/www.etang-du-moulin.com\/wp-content\/uploads\/2025\/05\/9J1A7526-1024x683.jpg\" class=\"attachment-large size-large wp-image-2531\" alt=\"\" srcset=\"https:\/\/www.etang-du-moulin.com\/wp-content\/uploads\/2025\/05\/9J1A7526-1024x683.jpg 1024w, https:\/\/www.etang-du-moulin.com\/wp-content\/uploads\/2025\/05\/9J1A7526-300x200.jpg 300w, https:\/\/www.etang-du-moulin.com\/wp-content\/uploads\/2025\/05\/9J1A7526-768x512.jpg 768w, https:\/\/www.etang-du-moulin.com\/wp-content\/uploads\/2025\/05\/9J1A7526-1536x1025.jpg 1536w, https:\/\/www.etang-du-moulin.com\/wp-content\/uploads\/2025\/05\/9J1A7526-2048x1366.jpg 2048w\" sizes=\"(max-width: 800px) 100vw, 800px\" \/>\t\t\t\t\t\t\t\t\t\t\t\t\t\t\t<\/div>\n\t\t\t\t<div class=\"elementor-element elementor-element-7539ab0 elementor-widget elementor-widget-heading\" data-id=\"7539ab0\" data-element_type=\"widget\" data-e-type=\"widget\" data-widget_type=\"heading.default\">\n\t\t\t\t\t<h4 class=\"elementor-heading-title elementor-size-default\">Prestige-Formel<\/h4>\t\t\t\t<\/div>\n\t\t\t\t<div class=\"elementor-element elementor-element-3b0b958 elementor-widget elementor-widget-heading\" data-id=\"3b0b958\" data-element_type=\"widget\" data-e-type=\"widget\" data-widget_type=\"heading.default\">\n\t\t\t\t\t<h2 class=\"elementor-heading-title elementor-size-default\">140\u20ac<\/h2>\t\t\t\t<\/div>\n\t\t\t\t\t<\/div>\n\t\t<\/div>\n\t\t\t\t\t<\/div>\n\t\t<\/section>\n\t\t\t\t\t<\/div>\n\t\t<\/div>\n\t\t\t\t\t<\/div>\n\t\t<\/section>\n\t\t\t\t<section class=\"elementor-section elementor-top-section elementor-element elementor-element-f5ba2d8 elementor-section-full_width elementor-section-height-min-height elementor-section-items-stretch elementor-section-content-middle elementor-section-height-default\" data-id=\"f5ba2d8\" data-element_type=\"section\" data-e-type=\"section\">\n\t\t\t\t\t\t<div class=\"elementor-container elementor-column-gap-default\">\n\t\t\t\t\t<div class=\"elementor-column elementor-col-100 elementor-top-column elementor-element elementor-element-a57244b\" data-id=\"a57244b\" data-element_type=\"column\" data-e-type=\"column\" data-settings=\"{&quot;background_background&quot;:&quot;classic&quot;}\">\n\t\t\t<div class=\"elementor-widget-wrap elementor-element-populated\">\n\t\t\t\t\t\t<section class=\"elementor-section elementor-inner-section elementor-element elementor-element-ba0623d elementor-section-boxed elementor-section-height-default elementor-section-height-default\" data-id=\"ba0623d\" data-element_type=\"section\" data-e-type=\"section\">\n\t\t\t\t\t\t<div class=\"elementor-container elementor-column-gap-default\">\n\t\t\t\t\t<div class=\"elementor-column elementor-col-100 elementor-inner-column elementor-element elementor-element-b7339d5\" data-id=\"b7339d5\" data-element_type=\"column\" data-e-type=\"column\" data-settings=\"{&quot;background_background&quot;:&quot;classic&quot;}\">\n\t\t\t<div class=\"elementor-widget-wrap elementor-element-populated\">\n\t\t\t\t\t<div class=\"elementor-background-overlay\"><\/div>\n\t\t\t\t\t\t<div class=\"elementor-element elementor-element-0201101 elementor-widget elementor-widget-heading\" data-id=\"0201101\" data-element_type=\"widget\" data-e-type=\"widget\" data-widget_type=\"heading.default\">\n\t\t\t\t\t<div class=\"elementor-heading-title elementor-size-default\">Paket mit<\/div>\t\t\t\t<\/div>\n\t\t\t\t<div class=\"elementor-element elementor-element-798b5d9 elementor-widget-divider--view-line elementor-widget elementor-widget-divider\" data-id=\"798b5d9\" data-element_type=\"widget\" data-e-type=\"widget\" data-widget_type=\"divider.default\">\n\t\t\t\t\t\t\t<div class=\"elementor-divider\">\n\t\t\t<span class=\"elementor-divider-separator\">\n\t\t\t\t\t\t<\/span>\n\t\t<\/div>\n\t\t\t\t\t\t<\/div>\n\t\t\t\t<div class=\"elementor-element elementor-element-3520ee9 elementor-widget elementor-widget-text-editor\" data-id=\"3520ee9\" data-element_type=\"widget\" data-e-type=\"widget\" data-widget_type=\"text-editor.default\">\n\t\t\t\t\t\t\t\t\t<p>Eine Mahlzeit<br>im Restaurant &#8222;Le C\u00f4t\u00e9 Bistrot&#8220;.<\/p>\n<p>***<\/p>\n<p>Eine \u00dcbernachtung<br>im Hotel**** by C\u00e9line<\/p>\n<p>***<\/p>\n<p>Ein Fr\u00fchst\u00fcck<\/p>\n\t\t\t\t\t\t\t\t<\/div>\n\t\t\t\t<div class=\"elementor-element elementor-element-d80ecb2 elementor-widget elementor-widget-heading\" data-id=\"d80ecb2\" data-element_type=\"widget\" data-e-type=\"widget\" data-widget_type=\"heading.default\">\n\t\t\t\t\t<div class=\"elementor-heading-title elementor-size-default\">Ohne Kurtaxe.  <br>G\u00fcltig am Dienstag-, Mittwoch- und Donnerstagabend. Dieses Angebot gilt nur f\u00fcr Gesch\u00e4ftsreisende, ein Nachweis kann verlangt werden. Nur eine Person pro Zimmer.    <\/div>\t\t\t\t<\/div>\n\t\t\t\t\t<\/div>\n\t\t<\/div>\n\t\t\t\t\t<\/div>\n\t\t<\/section>\n\t\t\t\t<section class=\"elementor-section elementor-inner-section elementor-element elementor-element-29eacf8 elementor-section-boxed elementor-section-height-default elementor-section-height-default\" data-id=\"29eacf8\" data-element_type=\"section\" data-e-type=\"section\">\n\t\t\t\t\t\t<div class=\"elementor-container elementor-column-gap-default\">\n\t\t\t\t\t<div class=\"elementor-column elementor-col-100 elementor-inner-column elementor-element elementor-element-4175716\" data-id=\"4175716\" data-element_type=\"column\" data-e-type=\"column\" data-settings=\"{&quot;background_background&quot;:&quot;classic&quot;}\">\n\t\t\t<div class=\"elementor-widget-wrap elementor-element-populated\">\n\t\t\t\t\t\t<div class=\"elementor-element elementor-element-11fc58f elementor-align-center elementor-widget elementor-widget-button\" data-id=\"11fc58f\" data-element_type=\"widget\" data-e-type=\"widget\" data-widget_type=\"button.default\">\n\t\t\t\t\t\t\t\t\t\t<a class=\"elementor-button elementor-button-link elementor-size-sm\" href=\"https:\/\/secure.reservit.com\/fo\/booking\/2\/2157?specialMode=default&#038;langcode=FR&#038;partid=0&#038;custid=2&#038;hotelid=2157&#038;m=booking\" target=\"_blank\">\n\t\t\t\t\t\t<span class=\"elementor-button-content-wrapper\">\n\t\t\t\t\t\t\t\t\t<span class=\"elementor-button-text\">Online buchen<\/span>\n\t\t\t\t\t<\/span>\n\t\t\t\t\t<\/a>\n\t\t\t\t\t\t\t\t<\/div>\n\t\t\t\t<div class=\"elementor-element elementor-element-eb48a17 elementor-widget elementor-widget-heading\" data-id=\"eb48a17\" data-element_type=\"widget\" data-e-type=\"widget\" data-widget_type=\"heading.default\">\n\t\t\t\t\t<div class=\"elementor-heading-title elementor-size-default\">oder<\/div>\t\t\t\t<\/div>\n\t\t\t\t<div class=\"elementor-element elementor-element-5507db5 elementor-align-center elementor-widget elementor-widget-button\" data-id=\"5507db5\" data-element_type=\"widget\" data-e-type=\"widget\" data-widget_type=\"button.default\">\n\t\t\t\t\t\t\t\t\t\t<a class=\"elementor-button elementor-button-link elementor-size-sm\" href=\"tel:+33381689278\">\n\t\t\t\t\t\t<span class=\"elementor-button-content-wrapper\">\n\t\t\t\t\t\t\t\t\t<span class=\"elementor-button-text\">(+33) 03 81 68 92 78<\/span>\n\t\t\t\t\t<\/span>\n\t\t\t\t\t<\/a>\n\t\t\t\t\t\t\t\t<\/div>\n\t\t\t\t<div class=\"elementor-element elementor-element-4f6727e elementor-align-center elementor-widget elementor-widget-button\" data-id=\"4f6727e\" data-element_type=\"widget\" data-e-type=\"widget\" data-widget_type=\"button.default\">\n\t\t\t\t\t\t\t\t\t\t<a class=\"elementor-button elementor-button-link elementor-size-sm\" href=\"mailto:hotel@etangdumoulin.com\">\n\t\t\t\t\t\t<span class=\"elementor-button-content-wrapper\">\n\t\t\t\t\t\t\t\t\t<span class=\"elementor-button-text\">hotel@etangdumoulin.com<\/span>\n\t\t\t\t\t<\/span>\n\t\t\t\t\t<\/a>\n\t\t\t\t\t\t\t\t<\/div>\n\t\t\t\t\t<\/div>\n\t\t<\/div>\n\t\t\t\t\t<\/div>\n\t\t<\/section>\n\t\t\t\t\t<\/div>\n\t\t<\/div>\n\t\t\t\t\t<\/div>\n\t\t<\/section>\n\t\t\t\t<\/div>\n\t\t","protected":false},"excerpt":{"rendered":"<p>Aufenthalt am M\u00fchlenteich Etappenabende Etappenabend Wenn Sie beruflich unterwegs sind, g\u00f6nnen Sie sich eine Qualit\u00e4tspause in einer ruhigen und raffinierten Umgebung im Herzen des Haut-Doubs. Das H\u00f4tel de l&#8217;\u00c9tang du Moulin empf\u00e4ngt Sie in Bonn\u00e9tage f\u00fcr eine \u00dcbernachtung, die Komfort, Gastronomie und Entspannung verbindet. Genie\u00dfen Sie eine gem\u00fctliche Unterkunft, ein schmackhaftes Abendessen, das von unserem [&hellip;]<\/p>\n","protected":false},"author":2,"featured_media":0,"parent":2676,"menu_order":0,"comment_status":"closed","ping_status":"closed","template":"","meta":{"_acf_changed":false,"footnotes":""},"class_list":["post-2999","page","type-page","status-publish","hentry"],"acf":[],"_links":{"self":[{"href":"https:\/\/www.etang-du-moulin.com\/de\/wp-json\/wp\/v2\/pages\/2999","targetHints":{"allow":["GET"]}}],"collection":[{"href":"https:\/\/www.etang-du-moulin.com\/de\/wp-json\/wp\/v2\/pages"}],"about":[{"href":"https:\/\/www.etang-du-moulin.com\/de\/wp-json\/wp\/v2\/types\/page"}],"author":[{"embeddable":true,"href":"https:\/\/www.etang-du-moulin.com\/de\/wp-json\/wp\/v2\/users\/2"}],"replies":[{"embeddable":true,"href":"https:\/\/www.etang-du-moulin.com\/de\/wp-json\/wp\/v2\/comments?post=2999"}],"version-history":[{"count":1,"href":"https:\/\/www.etang-du-moulin.com\/de\/wp-json\/wp\/v2\/pages\/2999\/revisions"}],"predecessor-version":[{"id":3000,"href":"https:\/\/www.etang-du-moulin.com\/de\/wp-json\/wp\/v2\/pages\/2999\/revisions\/3000"}],"up":[{"embeddable":true,"href":"https:\/\/www.etang-du-moulin.com\/de\/wp-json\/wp\/v2\/pages\/2676"}],"wp:attachment":[{"href":"https:\/\/www.etang-du-moulin.com\/de\/wp-json\/wp\/v2\/media?parent=2999"}],"curies":[{"name":"wp","href":"https:\/\/api.w.org\/{rel}","templated":true}]}}