{"id":2666,"date":"2025-07-10T09:43:42","date_gmt":"2025-07-10T09:43:42","guid":{"rendered":"https:\/\/www.etang-du-moulin.com\/kontakt-und-praktische-informationen-ueber-das-gourmetrestaurant\/"},"modified":"2025-09-15T10:19:06","modified_gmt":"2025-09-15T10:19:06","slug":"kontakt-und-praktische-informationen-ueber-das-gourmetrestaurant","status":"publish","type":"page","link":"https:\/\/www.etang-du-moulin.com\/de\/das-gourmet-restaurant-von-jacques-barnachon\/kontakt-und-praktische-informationen-ueber-das-gourmetrestaurant\/","title":{"rendered":"Kontakt und praktische Informationen \u00fcber das Gourmetrestaurant"},"content":{"rendered":"\t\t<div data-elementor-type=\"wp-page\" data-elementor-id=\"2666\" class=\"elementor elementor-2666 elementor-1296\" data-elementor-post-type=\"page\">\n\t\t\t\t\t\t<section class=\"elementor-section elementor-top-section elementor-element elementor-element-871b374 elementor-section-full_width elementor-section-height-min-height elementor-section-items-stretch elementor-section-height-default elementor-invisible\" data-id=\"871b374\" data-element_type=\"section\" data-e-type=\"section\" data-settings=\"{&quot;background_background&quot;:&quot;classic&quot;,&quot;animation&quot;:&quot;fadeIn&quot;}\">\n\t\t\t\t\t\t<div class=\"elementor-container elementor-column-gap-default\">\n\t\t\t\t\t<div class=\"elementor-column elementor-col-100 elementor-top-column elementor-element elementor-element-c08be40 elementor-invisible\" data-id=\"c08be40\" data-element_type=\"column\" data-e-type=\"column\" data-settings=\"{&quot;animation&quot;:&quot;fadeIn&quot;,&quot;animation_delay&quot;:200}\">\n\t\t\t<div class=\"elementor-widget-wrap elementor-element-populated\">\n\t\t\t\t\t<div class=\"elementor-background-overlay\"><\/div>\n\t\t\t\t\t\t<div class=\"elementor-element elementor-element-c637150 elementor--h-position-center elementor--v-position-middle elementor-widget elementor-widget-slides\" data-id=\"c637150\" data-element_type=\"widget\" data-e-type=\"widget\" data-settings=\"{&quot;navigation&quot;:&quot;none&quot;,&quot;autoplay_speed&quot;:4000,&quot;transition&quot;:&quot;fade&quot;,&quot;autoplay&quot;:&quot;yes&quot;,&quot;infinite&quot;:&quot;yes&quot;,&quot;transition_speed&quot;:500}\" data-widget_type=\"slides.default\">\n\t\t\t\t\t\t\t\t\t\t<div class=\"elementor-slides-wrapper elementor-main-swiper swiper\" role=\"region\" aria-roledescription=\"carousel\" aria-label=\"Diapositives\" dir=\"ltr\" data-animation=\"fadeInUp\">\n\t\t\t\t<div class=\"swiper-wrapper elementor-slides\">\n\t\t\t\t\t\t\t\t\t\t<div class=\"elementor-repeater-item-b14edf7 swiper-slide\" role=\"group\" aria-roledescription=\"slide\"><div class=\"swiper-slide-bg\" role=\"img\" aria-label=\"060723_Lucas MULLER (Lukam)08\"><\/div><div class=\"swiper-slide-inner\" ><div class=\"swiper-slide-contents\"><\/div><\/div><\/div><div class=\"elementor-repeater-item-f1c2a24 swiper-slide\" role=\"group\" aria-roledescription=\"slide\"><div class=\"swiper-slide-bg\" role=\"img\" aria-label=\"9J1A7617\"><\/div><div class=\"swiper-slide-inner\" ><div class=\"swiper-slide-contents\"><\/div><\/div><\/div><div class=\"elementor-repeater-item-c21de53 swiper-slide\" role=\"group\" aria-roledescription=\"slide\"><div class=\"swiper-slide-bg\" role=\"img\" aria-label=\"9J1A7530\"><\/div><div class=\"swiper-slide-inner\" ><div class=\"swiper-slide-contents\"><\/div><\/div><\/div>\t\t\t\t<\/div>\n\t\t\t\t\t\t\t\t\t\t\t\t\t\t\t\t\t\t\t\t\t<\/div>\n\t\t\t\t\t\t\t\t<\/div>\n\t\t\t\t<section class=\"elementor-section elementor-inner-section elementor-element elementor-element-38b1ac7 elementor-section-boxed elementor-section-height-default elementor-section-height-default\" data-id=\"38b1ac7\" data-element_type=\"section\" data-e-type=\"section\" data-settings=\"{&quot;background_background&quot;:&quot;gradient&quot;}\">\n\t\t\t\t\t\t<div class=\"elementor-container elementor-column-gap-default\">\n\t\t\t\t\t<div class=\"elementor-column elementor-col-100 elementor-inner-column elementor-element elementor-element-b15b449\" data-id=\"b15b449\" data-element_type=\"column\" data-e-type=\"column\">\n\t\t\t<div class=\"elementor-widget-wrap elementor-element-populated\">\n\t\t\t\t\t\t<div class=\"elementor-element elementor-element-218a3c8 elementor-invisible elementor-widget elementor-widget-heading\" data-id=\"218a3c8\" data-element_type=\"widget\" data-e-type=\"widget\" data-settings=\"{&quot;_animation&quot;:&quot;fadeIn&quot;,&quot;_animation_delay&quot;:800}\" data-widget_type=\"heading.default\">\n\t\t\t\t\t<h1 class=\"elementor-heading-title elementor-size-default\">Das Restaurant<\/h1>\t\t\t\t<\/div>\n\t\t\t\t<div class=\"elementor-element elementor-element-173b17c elementor-invisible elementor-widget elementor-widget-heading\" data-id=\"173b17c\" data-element_type=\"widget\" data-e-type=\"widget\" data-settings=\"{&quot;_animation&quot;:&quot;fadeIn&quot;,&quot;_animation_delay&quot;:1200}\" data-widget_type=\"heading.default\">\n\t\t\t\t\t<h2 class=\"elementor-heading-title elementor-size-default\">Kontakte und <br>praktische Informationen<\/h2>\t\t\t\t<\/div>\n\t\t\t\t\t<\/div>\n\t\t<\/div>\n\t\t\t\t\t<\/div>\n\t\t<\/section>\n\t\t\t\t\t<\/div>\n\t\t<\/div>\n\t\t\t\t\t<\/div>\n\t\t<\/section>\n\t\t\t\t<section class=\"elementor-section elementor-top-section elementor-element elementor-element-3baa03b elementor-section-full_width elementor-section-height-default elementor-section-height-default\" data-id=\"3baa03b\" data-element_type=\"section\" data-e-type=\"section\" data-settings=\"{&quot;background_background&quot;:&quot;gradient&quot;}\">\n\t\t\t\t\t\t\t<div class=\"elementor-background-overlay\"><\/div>\n\t\t\t\t\t\t\t<div class=\"elementor-container elementor-column-gap-default\">\n\t\t\t\t\t<div class=\"elementor-column elementor-col-33 elementor-top-column elementor-element elementor-element-df5aef7\" data-id=\"df5aef7\" data-element_type=\"column\" data-e-type=\"column\">\n\t\t\t<div class=\"elementor-widget-wrap elementor-element-populated\">\n\t\t\t\t\t\t<div class=\"elementor-element elementor-element-d84c5c7 elementor-widget elementor-widget-image\" data-id=\"d84c5c7\" data-element_type=\"widget\" data-e-type=\"widget\" data-settings=\"{&quot;motion_fx_motion_fx_scrolling&quot;:&quot;yes&quot;,&quot;motion_fx_translateY_effect&quot;:&quot;yes&quot;,&quot;motion_fx_translateY_speed&quot;:{&quot;unit&quot;:&quot;px&quot;,&quot;size&quot;:4,&quot;sizes&quot;:[]},&quot;motion_fx_translateY_affectedRange&quot;:{&quot;unit&quot;:&quot;%&quot;,&quot;size&quot;:&quot;&quot;,&quot;sizes&quot;:{&quot;start&quot;:0,&quot;end&quot;:100}},&quot;motion_fx_devices&quot;:[&quot;desktop&quot;,&quot;tablet&quot;,&quot;mobile&quot;]}\" data-widget_type=\"image.default\">\n\t\t\t\t\t\t\t\t\t\t\t\t\t\t\t<img fetchpriority=\"high\" decoding=\"async\" width=\"683\" height=\"1024\" src=\"https:\/\/www.etang-du-moulin.com\/wp-content\/uploads\/2025\/05\/221021_Etang-Du-Moulin-JB-Lucas-MULLER-Lukam-683x1024.jpg\" class=\"attachment-large size-large wp-image-2299\" alt=\"\" srcset=\"https:\/\/www.etang-du-moulin.com\/wp-content\/uploads\/2025\/05\/221021_Etang-Du-Moulin-JB-Lucas-MULLER-Lukam-683x1024.jpg 683w, https:\/\/www.etang-du-moulin.com\/wp-content\/uploads\/2025\/05\/221021_Etang-Du-Moulin-JB-Lucas-MULLER-Lukam-200x300.jpg 200w, https:\/\/www.etang-du-moulin.com\/wp-content\/uploads\/2025\/05\/221021_Etang-Du-Moulin-JB-Lucas-MULLER-Lukam-768x1151.jpg 768w, https:\/\/www.etang-du-moulin.com\/wp-content\/uploads\/2025\/05\/221021_Etang-Du-Moulin-JB-Lucas-MULLER-Lukam-1024x1536.jpg 1024w, https:\/\/www.etang-du-moulin.com\/wp-content\/uploads\/2025\/05\/221021_Etang-Du-Moulin-JB-Lucas-MULLER-Lukam-1366x2048.jpg 1366w, https:\/\/www.etang-du-moulin.com\/wp-content\/uploads\/2025\/05\/221021_Etang-Du-Moulin-JB-Lucas-MULLER-Lukam.jpg 1500w\" sizes=\"(max-width: 683px) 100vw, 683px\" \/>\t\t\t\t\t\t\t\t\t\t\t\t\t\t\t<\/div>\n\t\t\t\t\t<\/div>\n\t\t<\/div>\n\t\t\t\t<div class=\"elementor-column elementor-col-33 elementor-top-column elementor-element elementor-element-d5eed7a\" data-id=\"d5eed7a\" data-element_type=\"column\" data-e-type=\"column\">\n\t\t\t<div class=\"elementor-widget-wrap elementor-element-populated\">\n\t\t\t\t\t\t<div class=\"elementor-element elementor-element-5b057e9 elementor-widget elementor-widget-heading\" data-id=\"5b057e9\" data-element_type=\"widget\" data-e-type=\"widget\" data-widget_type=\"heading.default\">\n\t\t\t\t\t<div class=\"elementor-heading-title elementor-size-default\">Gourmet-Restaurant<\/div>\t\t\t\t<\/div>\n\t\t\t\t<div class=\"elementor-element elementor-element-1666859 elementor-widget elementor-widget-heading\" data-id=\"1666859\" data-element_type=\"widget\" data-e-type=\"widget\" data-widget_type=\"heading.default\">\n\t\t\t\t\t<h3 class=\"elementor-heading-title elementor-size-default\">\u00c9tang du Moulin<\/h3>\t\t\t\t<\/div>\n\t\t\t\t<div class=\"elementor-element elementor-element-400800f elementor-widget elementor-widget-text-editor\" data-id=\"400800f\" data-element_type=\"widget\" data-e-type=\"widget\" data-widget_type=\"text-editor.default\">\n\t\t\t\t\t\t\t\t\t<p>5 chemin de l\u2019Etang Du Moulin,<br>25210 Bonn\u00e9tage<\/p>\n<p>Telefonnummer:<br><a href=\"te:+33381689278\">03 81 68 92 78<\/a><\/p>\n<p><a href=\"contact@etang-du-moulin.com\">contact@etang-du-moulin.com<\/a><\/p>\n\t\t\t\t\t\t\t\t<\/div>\n\t\t\t\t<div class=\"elementor-element elementor-element-b854d39 elementor-widget-divider--view-line elementor-widget elementor-widget-divider\" data-id=\"b854d39\" data-element_type=\"widget\" data-e-type=\"widget\" data-widget_type=\"divider.default\">\n\t\t\t\t\t\t\t<div class=\"elementor-divider\">\n\t\t\t<span class=\"elementor-divider-separator\">\n\t\t\t\t\t\t<\/span>\n\t\t<\/div>\n\t\t\t\t\t\t<\/div>\n\t\t\t\t<div class=\"elementor-element elementor-element-0d325e2 elementor-widget elementor-widget-text-editor\" data-id=\"0d325e2\" data-element_type=\"widget\" data-e-type=\"widget\" data-widget_type=\"text-editor.default\">\n\t\t\t\t\t\t\t\t\t<p>\u00d6FFNUNGSZEITEN<\/p>\n<p><strong>Das Gourmetrestaurant:<\/strong><br>Mittwochabend bis einschlie\u00dflich Sonntagmittag.<br>Mittwochabend ab dem 1. Oktober geschlossen.<\/p>\n<p>***<\/p>\n<p><strong>Das Bistro:<\/strong><br>Dienstagabend bis einschlie\u00dflich Sonntagmittag.<\/p>\n<p><strong>Das Hotel:<\/strong><br>Von Dienstagabend bis einschlie\u00dflich Samstagabend.<br>Von Montag, dem 21. Juli bis einschlie\u00dflich Montag, dem 18. August ist das Hotel auch am Montagabend ge\u00f6ffnet.<br>Die Restaurants bleiben geschlossen. Zum Abendessen empfehlen wir Ihnen, die Restaurants in der Umgebung zu entdecken oder ein hausgemachtes Glasgericht \u201eBOCO\u201c zu buchen, das Sie auf Ihrem Zimmer genie\u00dfen k\u00f6nnen.<\/p>\n\t\t\t\t\t\t\t\t<\/div>\n\t\t\t\t\t<\/div>\n\t\t<\/div>\n\t\t\t\t<div class=\"elementor-column elementor-col-33 elementor-top-column elementor-element elementor-element-9778673\" data-id=\"9778673\" data-element_type=\"column\" data-e-type=\"column\">\n\t\t\t<div class=\"elementor-widget-wrap elementor-element-populated\">\n\t\t\t\t\t\t<div class=\"elementor-element elementor-element-ec7d158 elementor-widget elementor-widget-image\" data-id=\"ec7d158\" data-element_type=\"widget\" data-e-type=\"widget\" data-settings=\"{&quot;motion_fx_motion_fx_scrolling&quot;:&quot;yes&quot;,&quot;motion_fx_translateY_effect&quot;:&quot;yes&quot;,&quot;motion_fx_translateY_speed&quot;:{&quot;unit&quot;:&quot;px&quot;,&quot;size&quot;:4,&quot;sizes&quot;:[]},&quot;motion_fx_translateY_affectedRange&quot;:{&quot;unit&quot;:&quot;%&quot;,&quot;size&quot;:&quot;&quot;,&quot;sizes&quot;:{&quot;start&quot;:0,&quot;end&quot;:100}},&quot;motion_fx_devices&quot;:[&quot;desktop&quot;,&quot;tablet&quot;,&quot;mobile&quot;]}\" data-widget_type=\"image.default\">\n\t\t\t\t\t\t\t\t\t\t\t\t\t\t\t<img decoding=\"async\" width=\"683\" height=\"1024\" src=\"https:\/\/www.etang-du-moulin.com\/wp-content\/uploads\/2025\/05\/060723_Lucas-MULLER-Lukam02-683x1024.jpg\" class=\"attachment-large size-large wp-image-2235\" alt=\"\" srcset=\"https:\/\/www.etang-du-moulin.com\/wp-content\/uploads\/2025\/05\/060723_Lucas-MULLER-Lukam02-683x1024.jpg 683w, https:\/\/www.etang-du-moulin.com\/wp-content\/uploads\/2025\/05\/060723_Lucas-MULLER-Lukam02-200x300.jpg 200w, https:\/\/www.etang-du-moulin.com\/wp-content\/uploads\/2025\/05\/060723_Lucas-MULLER-Lukam02-768x1151.jpg 768w, https:\/\/www.etang-du-moulin.com\/wp-content\/uploads\/2025\/05\/060723_Lucas-MULLER-Lukam02-1025x1536.jpg 1025w, https:\/\/www.etang-du-moulin.com\/wp-content\/uploads\/2025\/05\/060723_Lucas-MULLER-Lukam02.jpg 1334w\" sizes=\"(max-width: 683px) 100vw, 683px\" \/>\t\t\t\t\t\t\t\t\t\t\t\t\t\t\t<\/div>\n\t\t\t\t\t<\/div>\n\t\t<\/div>\n\t\t\t\t\t<\/div>\n\t\t<\/section>\n\t\t\t\t<section class=\"elementor-section elementor-top-section elementor-element elementor-element-05c80b8 elementor-section-full_width elementor-section-height-default elementor-section-height-default\" data-id=\"05c80b8\" data-element_type=\"section\" data-e-type=\"section\">\n\t\t\t\t\t\t<div class=\"elementor-container elementor-column-gap-default\">\n\t\t\t\t\t<div class=\"elementor-column elementor-col-100 elementor-top-column elementor-element elementor-element-af1b21d\" data-id=\"af1b21d\" data-element_type=\"column\" data-e-type=\"column\">\n\t\t\t<div class=\"elementor-widget-wrap elementor-element-populated\">\n\t\t\t\t\t\t<div class=\"elementor-element elementor-element-1df15c5 elementor-widget elementor-widget-google_maps\" data-id=\"1df15c5\" data-element_type=\"widget\" data-e-type=\"widget\" data-widget_type=\"google_maps.default\">\n\t\t\t\t\t\t\t<div class=\"elementor-custom-embed\">\n\t\t\t<iframe loading=\"lazy\"\n\t\t\t\t\tsrc=\"https:\/\/maps.google.com\/maps?q=h%C3%B4tel%20restaurant%20Etang%20du%20moulin%2C%205%20chemin%20de%20l%E2%80%99Etang%20Du%20Moulin%2C%2025210%20Bonn%C3%A9tage&#038;t=m&#038;z=10&#038;output=embed&#038;iwloc=near\"\n\t\t\t\t\ttitle=\"h\u00f4tel restaurant Etang du moulin, 5 chemin de l\u2019Etang Du Moulin, 25210 Bonn\u00e9tage\"\n\t\t\t\t\taria-label=\"h\u00f4tel restaurant Etang du moulin, 5 chemin de l\u2019Etang Du Moulin, 25210 Bonn\u00e9tage\"\n\t\t\t><\/iframe>\n\t\t<\/div>\n\t\t\t\t\t\t<\/div>\n\t\t\t\t\t<\/div>\n\t\t<\/div>\n\t\t\t\t\t<\/div>\n\t\t<\/section>\n\t\t\t\t<\/div>\n\t\t","protected":false},"excerpt":{"rendered":"<p>Das Restaurant Kontakte und praktische Informationen Gourmet-Restaurant \u00c9tang du Moulin 5 chemin de l\u2019Etang Du Moulin,25210 Bonn\u00e9tage Telefonnummer:03 81 68 92 78 contact@etang-du-moulin.com \u00d6FFNUNGSZEITEN Das Gourmetrestaurant:Mittwochabend bis einschlie\u00dflich Sonntagmittag.Mittwochabend ab dem 1. Oktober geschlossen. *** Das Bistro:Dienstagabend bis einschlie\u00dflich Sonntagmittag. Das Hotel:Von Dienstagabend bis einschlie\u00dflich Samstagabend.Von Montag, dem 21. Juli bis einschlie\u00dflich Montag, dem 18. [&hellip;]<\/p>\n","protected":false},"author":2,"featured_media":0,"parent":2667,"menu_order":0,"comment_status":"closed","ping_status":"closed","template":"","meta":{"_acf_changed":false,"footnotes":""},"class_list":["post-2666","page","type-page","status-publish","hentry"],"acf":[],"_links":{"self":[{"href":"https:\/\/www.etang-du-moulin.com\/de\/wp-json\/wp\/v2\/pages\/2666","targetHints":{"allow":["GET"]}}],"collection":[{"href":"https:\/\/www.etang-du-moulin.com\/de\/wp-json\/wp\/v2\/pages"}],"about":[{"href":"https:\/\/www.etang-du-moulin.com\/de\/wp-json\/wp\/v2\/types\/page"}],"author":[{"embeddable":true,"href":"https:\/\/www.etang-du-moulin.com\/de\/wp-json\/wp\/v2\/users\/2"}],"replies":[{"embeddable":true,"href":"https:\/\/www.etang-du-moulin.com\/de\/wp-json\/wp\/v2\/comments?post=2666"}],"version-history":[{"count":2,"href":"https:\/\/www.etang-du-moulin.com\/de\/wp-json\/wp\/v2\/pages\/2666\/revisions"}],"predecessor-version":[{"id":2670,"href":"https:\/\/www.etang-du-moulin.com\/de\/wp-json\/wp\/v2\/pages\/2666\/revisions\/2670"}],"up":[{"embeddable":true,"href":"https:\/\/www.etang-du-moulin.com\/de\/wp-json\/wp\/v2\/pages\/2667"}],"wp:attachment":[{"href":"https:\/\/www.etang-du-moulin.com\/de\/wp-json\/wp\/v2\/media?parent=2666"}],"curies":[{"name":"wp","href":"https:\/\/api.w.org\/{rel}","templated":true}]}}