{"id":2230,"date":"2025-07-17T14:19:15","date_gmt":"2025-07-17T14:19:15","guid":{"rendered":"https:\/\/www.etang-du-moulin.com\/kontakt-und-praktische-informationen-des-traditionellen-bistros\/"},"modified":"2025-09-15T09:45:04","modified_gmt":"2025-09-15T09:45:04","slug":"kontakt-und-praktische-informationen-des-traditionellen-bistros","status":"publish","type":"page","link":"https:\/\/www.etang-du-moulin.com\/de\/das-traditionelle-bistro\/kontakt-und-praktische-informationen-des-traditionellen-bistros\/","title":{"rendered":"Kontakt und praktische Informationen des traditionellen Bistros"},"content":{"rendered":"\t\t<div data-elementor-type=\"wp-page\" data-elementor-id=\"2230\" class=\"elementor elementor-2230 elementor-1476\" data-elementor-post-type=\"page\">\n\t\t\t\t\t\t<section class=\"elementor-section elementor-top-section elementor-element elementor-element-ca8154e elementor-section-full_width elementor-section-height-min-height elementor-section-items-stretch elementor-section-height-default elementor-invisible\" data-id=\"ca8154e\" data-element_type=\"section\" data-e-type=\"section\" data-settings=\"{&quot;background_background&quot;:&quot;classic&quot;,&quot;animation&quot;:&quot;fadeIn&quot;}\">\n\t\t\t\t\t\t<div class=\"elementor-container elementor-column-gap-default\">\n\t\t\t\t\t<div class=\"elementor-column elementor-col-100 elementor-top-column elementor-element elementor-element-ef1885c elementor-invisible\" data-id=\"ef1885c\" data-element_type=\"column\" data-e-type=\"column\" data-settings=\"{&quot;animation&quot;:&quot;fadeIn&quot;,&quot;animation_delay&quot;:200}\">\n\t\t\t<div class=\"elementor-widget-wrap elementor-element-populated\">\n\t\t\t\t\t<div class=\"elementor-background-overlay\"><\/div>\n\t\t\t\t\t\t<div class=\"elementor-element elementor-element-49ea96d elementor--h-position-center elementor--v-position-middle elementor-widget elementor-widget-slides\" data-id=\"49ea96d\" data-element_type=\"widget\" data-e-type=\"widget\" data-settings=\"{&quot;navigation&quot;:&quot;none&quot;,&quot;autoplay_speed&quot;:4000,&quot;transition&quot;:&quot;fade&quot;,&quot;autoplay&quot;:&quot;yes&quot;,&quot;infinite&quot;:&quot;yes&quot;,&quot;transition_speed&quot;:500}\" data-widget_type=\"slides.default\">\n\t\t\t\t\t\t\t\t\t\t<div class=\"elementor-slides-wrapper elementor-main-swiper swiper\" role=\"region\" aria-roledescription=\"carousel\" aria-label=\"Diapositives\" dir=\"ltr\" data-animation=\"fadeInUp\">\n\t\t\t\t<div class=\"swiper-wrapper elementor-slides\">\n\t\t\t\t\t\t\t\t\t\t<div class=\"elementor-repeater-item-b14edf7 swiper-slide\" role=\"group\" aria-roledescription=\"slide\"><div class=\"swiper-slide-bg\" role=\"img\" aria-label=\"9J1A7589\"><\/div><div class=\"swiper-slide-inner\" ><div class=\"swiper-slide-contents\"><\/div><\/div><\/div><div class=\"elementor-repeater-item-f1c2a24 swiper-slide\" role=\"group\" aria-roledescription=\"slide\"><div class=\"swiper-slide-bg\" role=\"img\" aria-label=\"220921_Etang du Moulin Bistronomique -Lucas MULLER (Lukam) 11\"><\/div><div class=\"swiper-slide-inner\" ><div class=\"swiper-slide-contents\"><\/div><\/div><\/div><div class=\"elementor-repeater-item-c21de53 swiper-slide\" role=\"group\" aria-roledescription=\"slide\"><div class=\"swiper-slide-bg\" role=\"img\" aria-label=\"9J1A7639\"><\/div><div class=\"swiper-slide-inner\" ><div class=\"swiper-slide-contents\"><\/div><\/div><\/div>\t\t\t\t<\/div>\n\t\t\t\t\t\t\t\t\t\t\t\t\t\t\t\t\t\t\t\t\t<\/div>\n\t\t\t\t\t\t\t\t<\/div>\n\t\t\t\t<section class=\"elementor-section elementor-inner-section elementor-element elementor-element-fd6f94b elementor-section-boxed elementor-section-height-default elementor-section-height-default\" data-id=\"fd6f94b\" data-element_type=\"section\" data-e-type=\"section\" data-settings=\"{&quot;background_background&quot;:&quot;gradient&quot;}\">\n\t\t\t\t\t\t<div class=\"elementor-container elementor-column-gap-default\">\n\t\t\t\t\t<div class=\"elementor-column elementor-col-100 elementor-inner-column elementor-element elementor-element-576bafc\" data-id=\"576bafc\" data-element_type=\"column\" data-e-type=\"column\">\n\t\t\t<div class=\"elementor-widget-wrap elementor-element-populated\">\n\t\t\t\t\t\t<div class=\"elementor-element elementor-element-0ffc614 elementor-invisible elementor-widget elementor-widget-heading\" data-id=\"0ffc614\" data-element_type=\"widget\" data-e-type=\"widget\" data-settings=\"{&quot;_animation&quot;:&quot;fadeIn&quot;,&quot;_animation_delay&quot;:800}\" data-widget_type=\"heading.default\">\n\t\t\t\t\t<h1 class=\"elementor-heading-title elementor-size-default\">Das Bistro<\/h1>\t\t\t\t<\/div>\n\t\t\t\t<div class=\"elementor-element elementor-element-d6ce271 elementor-invisible elementor-widget elementor-widget-heading\" data-id=\"d6ce271\" data-element_type=\"widget\" data-e-type=\"widget\" data-settings=\"{&quot;_animation&quot;:&quot;fadeIn&quot;,&quot;_animation_delay&quot;:1200}\" data-widget_type=\"heading.default\">\n\t\t\t\t\t<h2 class=\"elementor-heading-title elementor-size-default\">Kontakte und <br>praktische Informationen<\/h2>\t\t\t\t<\/div>\n\t\t\t\t\t<\/div>\n\t\t<\/div>\n\t\t\t\t\t<\/div>\n\t\t<\/section>\n\t\t\t\t\t<\/div>\n\t\t<\/div>\n\t\t\t\t\t<\/div>\n\t\t<\/section>\n\t\t\t\t<section class=\"elementor-section elementor-top-section elementor-element elementor-element-24c18ab elementor-section-full_width elementor-section-height-default elementor-section-height-default\" data-id=\"24c18ab\" data-element_type=\"section\" data-e-type=\"section\" data-settings=\"{&quot;background_background&quot;:&quot;gradient&quot;}\">\n\t\t\t\t\t\t\t<div class=\"elementor-background-overlay\"><\/div>\n\t\t\t\t\t\t\t<div class=\"elementor-container elementor-column-gap-default\">\n\t\t\t\t\t<div class=\"elementor-column elementor-col-33 elementor-top-column elementor-element elementor-element-39ab66c\" data-id=\"39ab66c\" data-element_type=\"column\" data-e-type=\"column\">\n\t\t\t<div class=\"elementor-widget-wrap elementor-element-populated\">\n\t\t\t\t\t\t<div class=\"elementor-element elementor-element-29e42e6 elementor-widget elementor-widget-image\" data-id=\"29e42e6\" data-element_type=\"widget\" data-e-type=\"widget\" data-settings=\"{&quot;motion_fx_motion_fx_scrolling&quot;:&quot;yes&quot;,&quot;motion_fx_translateY_effect&quot;:&quot;yes&quot;,&quot;motion_fx_translateY_speed&quot;:{&quot;unit&quot;:&quot;px&quot;,&quot;size&quot;:4,&quot;sizes&quot;:[]},&quot;motion_fx_translateY_affectedRange&quot;:{&quot;unit&quot;:&quot;%&quot;,&quot;size&quot;:&quot;&quot;,&quot;sizes&quot;:{&quot;start&quot;:0,&quot;end&quot;:100}},&quot;motion_fx_devices&quot;:[&quot;desktop&quot;,&quot;tablet&quot;,&quot;mobile&quot;]}\" data-widget_type=\"image.default\">\n\t\t\t\t\t\t\t\t\t\t\t\t\t\t\t<img fetchpriority=\"high\" decoding=\"async\" width=\"683\" height=\"1024\" src=\"https:\/\/www.etang-du-moulin.com\/wp-content\/uploads\/2025\/05\/220921_Etang-du-Moulin-Bistronomique-Lucas-MULLER-Lukam-16-683x1024.jpg\" class=\"attachment-large size-large wp-image-2354\" alt=\"\" srcset=\"https:\/\/www.etang-du-moulin.com\/wp-content\/uploads\/2025\/05\/220921_Etang-du-Moulin-Bistronomique-Lucas-MULLER-Lukam-16-683x1024.jpg 683w, https:\/\/www.etang-du-moulin.com\/wp-content\/uploads\/2025\/05\/220921_Etang-du-Moulin-Bistronomique-Lucas-MULLER-Lukam-16-200x300.jpg 200w, https:\/\/www.etang-du-moulin.com\/wp-content\/uploads\/2025\/05\/220921_Etang-du-Moulin-Bistronomique-Lucas-MULLER-Lukam-16-768x1151.jpg 768w, https:\/\/www.etang-du-moulin.com\/wp-content\/uploads\/2025\/05\/220921_Etang-du-Moulin-Bistronomique-Lucas-MULLER-Lukam-16-1025x1536.jpg 1025w, https:\/\/www.etang-du-moulin.com\/wp-content\/uploads\/2025\/05\/220921_Etang-du-Moulin-Bistronomique-Lucas-MULLER-Lukam-16-1366x2048.jpg 1366w\" sizes=\"(max-width: 683px) 100vw, 683px\" \/>\t\t\t\t\t\t\t\t\t\t\t\t\t\t\t<\/div>\n\t\t\t\t\t<\/div>\n\t\t<\/div>\n\t\t\t\t<div class=\"elementor-column elementor-col-33 elementor-top-column elementor-element elementor-element-0f64583\" data-id=\"0f64583\" data-element_type=\"column\" data-e-type=\"column\">\n\t\t\t<div class=\"elementor-widget-wrap elementor-element-populated\">\n\t\t\t\t\t\t<div class=\"elementor-element elementor-element-b6257f2 elementor-widget elementor-widget-heading\" data-id=\"b6257f2\" data-element_type=\"widget\" data-e-type=\"widget\" data-widget_type=\"heading.default\">\n\t\t\t\t\t<div class=\"elementor-heading-title elementor-size-default\">Traditionelles Bistro<\/div>\t\t\t\t<\/div>\n\t\t\t\t<div class=\"elementor-element elementor-element-82de727 elementor-widget elementor-widget-heading\" data-id=\"82de727\" data-element_type=\"widget\" data-e-type=\"widget\" data-widget_type=\"heading.default\">\n\t\t\t\t\t<h3 class=\"elementor-heading-title elementor-size-default\">\u00c9tang du Moulin<\/h3>\t\t\t\t<\/div>\n\t\t\t\t<div class=\"elementor-element elementor-element-1755484 elementor-widget elementor-widget-text-editor\" data-id=\"1755484\" data-element_type=\"widget\" data-e-type=\"widget\" data-widget_type=\"text-editor.default\">\n\t\t\t\t\t\t\t\t\t<p>5 chemin de l\u2019Etang Du Moulin,<br>25210 Bonn\u00e9tage<\/p>\n<p>Telefonnummer:<br><a href=\"te:+33381689278\">03 81 68 92 78<\/a><\/p>\n<p><a href=\"contact@etang-du-moulin.com\">contact@etang-du-moulin.com<\/a><\/p>\n\t\t\t\t\t\t\t\t<\/div>\n\t\t\t\t<div class=\"elementor-element elementor-element-3c88b35 elementor-widget-divider--view-line elementor-widget elementor-widget-divider\" data-id=\"3c88b35\" data-element_type=\"widget\" data-e-type=\"widget\" data-widget_type=\"divider.default\">\n\t\t\t\t\t\t\t<div class=\"elementor-divider\">\n\t\t\t<span class=\"elementor-divider-separator\">\n\t\t\t\t\t\t<\/span>\n\t\t<\/div>\n\t\t\t\t\t\t<\/div>\n\t\t\t\t<div class=\"elementor-element elementor-element-8279195 elementor-widget elementor-widget-text-editor\" data-id=\"8279195\" data-element_type=\"widget\" data-e-type=\"widget\" data-widget_type=\"text-editor.default\">\n\t\t\t\t\t\t\t\t\t<p>\u00d6FFNUNGSZEITEN<\/p>\n<p><strong>Das Bistro:<\/strong><br>Dienstagabend bis einschlie\u00dflich Sonntagmittag.<\/p>\n<p>***<\/p>\n<p><strong>Das Gourmetrestaurant:<\/strong><br>Mittwochabend bis einschlie\u00dflich Sonntagmittag.<br>Mittwochabend ab dem 1. Oktober geschlossen.<\/p>\n<p>***<\/p>\n<p><strong>Das Hotel:<\/strong><br>Dienstagabend bis einschlie\u00dflich Samstagabend.<\/p>\n\t\t\t\t\t\t\t\t<\/div>\n\t\t\t\t\t<\/div>\n\t\t<\/div>\n\t\t\t\t<div class=\"elementor-column elementor-col-33 elementor-top-column elementor-element elementor-element-a0e7b43\" data-id=\"a0e7b43\" data-element_type=\"column\" data-e-type=\"column\">\n\t\t\t<div class=\"elementor-widget-wrap elementor-element-populated\">\n\t\t\t\t\t\t<div class=\"elementor-element elementor-element-046d7e4 elementor-widget elementor-widget-image\" data-id=\"046d7e4\" data-element_type=\"widget\" data-e-type=\"widget\" data-settings=\"{&quot;motion_fx_motion_fx_scrolling&quot;:&quot;yes&quot;,&quot;motion_fx_translateY_effect&quot;:&quot;yes&quot;,&quot;motion_fx_translateY_speed&quot;:{&quot;unit&quot;:&quot;px&quot;,&quot;size&quot;:4,&quot;sizes&quot;:[]},&quot;motion_fx_translateY_affectedRange&quot;:{&quot;unit&quot;:&quot;%&quot;,&quot;size&quot;:&quot;&quot;,&quot;sizes&quot;:{&quot;start&quot;:0,&quot;end&quot;:100}},&quot;motion_fx_devices&quot;:[&quot;desktop&quot;,&quot;tablet&quot;,&quot;mobile&quot;]}\" data-widget_type=\"image.default\">\n\t\t\t\t\t\t\t\t\t\t\t\t\t\t\t<img decoding=\"async\" width=\"683\" height=\"1024\" src=\"https:\/\/www.etang-du-moulin.com\/wp-content\/uploads\/2025\/05\/9J1A7430-683x1024.jpg\" class=\"attachment-large size-large wp-image-2318\" alt=\"\" srcset=\"https:\/\/www.etang-du-moulin.com\/wp-content\/uploads\/2025\/05\/9J1A7430-683x1024.jpg 683w, https:\/\/www.etang-du-moulin.com\/wp-content\/uploads\/2025\/05\/9J1A7430-200x300.jpg 200w, https:\/\/www.etang-du-moulin.com\/wp-content\/uploads\/2025\/05\/9J1A7430-768x1151.jpg 768w, https:\/\/www.etang-du-moulin.com\/wp-content\/uploads\/2025\/05\/9J1A7430-1025x1536.jpg 1025w, https:\/\/www.etang-du-moulin.com\/wp-content\/uploads\/2025\/05\/9J1A7430-1366x2048.jpg 1366w\" sizes=\"(max-width: 683px) 100vw, 683px\" \/>\t\t\t\t\t\t\t\t\t\t\t\t\t\t\t<\/div>\n\t\t\t\t\t<\/div>\n\t\t<\/div>\n\t\t\t\t\t<\/div>\n\t\t<\/section>\n\t\t\t\t<section class=\"elementor-section elementor-top-section elementor-element elementor-element-6f29961 elementor-section-full_width elementor-section-height-default elementor-section-height-default\" data-id=\"6f29961\" data-element_type=\"section\" data-e-type=\"section\">\n\t\t\t\t\t\t<div class=\"elementor-container elementor-column-gap-default\">\n\t\t\t\t\t<div class=\"elementor-column elementor-col-100 elementor-top-column elementor-element elementor-element-5b0e901\" data-id=\"5b0e901\" data-element_type=\"column\" data-e-type=\"column\">\n\t\t\t<div class=\"elementor-widget-wrap elementor-element-populated\">\n\t\t\t\t\t\t<div class=\"elementor-element elementor-element-3da5b61 elementor-widget elementor-widget-google_maps\" data-id=\"3da5b61\" data-element_type=\"widget\" data-e-type=\"widget\" data-widget_type=\"google_maps.default\">\n\t\t\t\t\t\t\t<div class=\"elementor-custom-embed\">\n\t\t\t<iframe loading=\"lazy\"\n\t\t\t\t\tsrc=\"https:\/\/maps.google.com\/maps?q=h%C3%B4tel%20restaurant%20Etang%20du%20moulin%2C%205%20chemin%20de%20l%E2%80%99Etang%20Du%20Moulin%2C%2025210%20Bonn%C3%A9tage&#038;t=m&#038;z=10&#038;output=embed&#038;iwloc=near\"\n\t\t\t\t\ttitle=\"h\u00f4tel restaurant Etang du moulin, 5 chemin de l\u2019Etang Du Moulin, 25210 Bonn\u00e9tage\"\n\t\t\t\t\taria-label=\"h\u00f4tel restaurant Etang du moulin, 5 chemin de l\u2019Etang Du Moulin, 25210 Bonn\u00e9tage\"\n\t\t\t><\/iframe>\n\t\t<\/div>\n\t\t\t\t\t\t<\/div>\n\t\t\t\t\t<\/div>\n\t\t<\/div>\n\t\t\t\t\t<\/div>\n\t\t<\/section>\n\t\t\t\t<\/div>\n\t\t","protected":false},"excerpt":{"rendered":"<p>Das Bistro Kontakte und praktische Informationen Traditionelles Bistro \u00c9tang du Moulin 5 chemin de l\u2019Etang Du Moulin,25210 Bonn\u00e9tage Telefonnummer:03 81 68 92 78 contact@etang-du-moulin.com \u00d6FFNUNGSZEITEN Das Bistro:Dienstagabend bis einschlie\u00dflich Sonntagmittag. *** Das Gourmetrestaurant:Mittwochabend bis einschlie\u00dflich Sonntagmittag.Mittwochabend ab dem 1. Oktober geschlossen. *** Das Hotel:Dienstagabend bis einschlie\u00dflich Samstagabend.<\/p>\n","protected":false},"author":2,"featured_media":0,"parent":2488,"menu_order":0,"comment_status":"closed","ping_status":"closed","template":"","meta":{"_acf_changed":false,"footnotes":""},"class_list":["post-2230","page","type-page","status-publish","hentry"],"acf":[],"_links":{"self":[{"href":"https:\/\/www.etang-du-moulin.com\/de\/wp-json\/wp\/v2\/pages\/2230","targetHints":{"allow":["GET"]}}],"collection":[{"href":"https:\/\/www.etang-du-moulin.com\/de\/wp-json\/wp\/v2\/pages"}],"about":[{"href":"https:\/\/www.etang-du-moulin.com\/de\/wp-json\/wp\/v2\/types\/page"}],"author":[{"embeddable":true,"href":"https:\/\/www.etang-du-moulin.com\/de\/wp-json\/wp\/v2\/users\/2"}],"replies":[{"embeddable":true,"href":"https:\/\/www.etang-du-moulin.com\/de\/wp-json\/wp\/v2\/comments?post=2230"}],"version-history":[{"count":1,"href":"https:\/\/www.etang-du-moulin.com\/de\/wp-json\/wp\/v2\/pages\/2230\/revisions"}],"predecessor-version":[{"id":2355,"href":"https:\/\/www.etang-du-moulin.com\/de\/wp-json\/wp\/v2\/pages\/2230\/revisions\/2355"}],"up":[{"embeddable":true,"href":"https:\/\/www.etang-du-moulin.com\/de\/wp-json\/wp\/v2\/pages\/2488"}],"wp:attachment":[{"href":"https:\/\/www.etang-du-moulin.com\/de\/wp-json\/wp\/v2\/media?parent=2230"}],"curies":[{"name":"wp","href":"https:\/\/api.w.org\/{rel}","templated":true}]}}